{"id":1827,"date":"2025-05-14T19:06:12","date_gmt":"2025-05-14T17:06:12","guid":{"rendered":"https:\/\/caricaco.vc\/suscribirse\/"},"modified":"2025-10-03T21:39:20","modified_gmt":"2025-10-03T19:39:20","slug":"suscribirse","status":"publish","type":"page","link":"https:\/\/caricaco.vc\/en\/suscribirse\/","title":{"rendered":"Suscribirse"},"content":{"rendered":"\n<div class=\"row\"  id=\"row-1520207097\">\n\n\n\t<div id=\"col-26762186\" class=\"col medium-6 small-12 large-6\"  data-animate=\"fadeInUp\">\n\t\t\t\t<div class=\"col-inner\"  >\n\t\t\t\n\t\t\t\n\n\t<div id=\"text-189045439\" class=\"text\">\n\t\t\n\n<h2>Recib\u00ed ideas, historias y oportunidades cada semana<\/h2>\n\t\t\n<style>\n#text-189045439 {\n  font-size: 1.2rem;\n  text-align: left;\n  color: #00333c;\n}\n#text-189045439 > * {\n  color: #00333c;\n}\n@media (min-width:550px) {\n  #text-189045439 {\n    text-align: left;\n  }\n}\n<\/style>\n\t<\/div>\n\t\n\t<div id=\"text-1080106096\" class=\"text\">\n\t\t\n\n<p style=\"text-align: left;\">M\u00e1s de 5,000 personas ya reciben el bolet\u00edn semanal de Caricaco Ventures con historias, aprendizajes y oportunidades del mundo VC en Centroam\u00e9rica.<\/p>\n\t\t\n<style>\n#text-1080106096 {\n  font-size: 0.9rem;\n  text-align: left;\n  color: #00333c;\n}\n#text-1080106096 > * {\n  color: #00333c;\n}\n@media (min-width:550px) {\n  #text-1080106096 {\n    text-align: left;\n  }\n}\n<\/style>\n\t<\/div>\n\t\n\n\t\t<div class=\"icon-box featured-box icon-box-left text-left\"  style=\"margin:0px 0px 3% 0px;\">\n\t\t\t\t\t<div class=\"icon-box-img\" style=\"width: 25px\">\n\t\t\t\t<div class=\"icon\">\n\t\t\t\t\t<div class=\"icon-inner\" >\n\t\t\t\t\t\t<img loading=\"lazy\" decoding=\"async\" width=\"104\" height=\"104\" src=\"https:\/\/caricaco.vc\/wp-content\/uploads\/2025\/05\/Check-Circle-Icon.png\" class=\"attachment-medium size-medium\" alt=\"\" \/>\t\t\t\t\t<\/div>\n\t\t\t\t<\/div>\n\t\t\t<\/div>\n\t\t\t\t<div class=\"icon-box-text last-reset\">\n\t\t\t\t\t\t\t\t\t\n\n\t<div id=\"text-3735376964\" class=\"text\">\n\t\t\n\n<p>Suscribite para leer historias reales de emprendimiento con  lecciones que pod\u00e9s aplicar a tu negocio.<\/p>\n\t\t\n<style>\n#text-3735376964 {\n  font-size: 0.9rem;\n}\n<\/style>\n\t<\/div>\n\t\n\n\t\t<\/div>\n\t<\/div>\n\t\n\t\n\n\t\t<div class=\"icon-box featured-box icon-box-left text-left\"  style=\"margin:0px 0px 3% 0px;\">\n\t\t\t\t\t<div class=\"icon-box-img\" style=\"width: 25px\">\n\t\t\t\t<div class=\"icon\">\n\t\t\t\t\t<div class=\"icon-inner\" >\n\t\t\t\t\t\t<img loading=\"lazy\" decoding=\"async\" width=\"104\" height=\"104\" src=\"https:\/\/caricaco.vc\/wp-content\/uploads\/2025\/05\/Check-Circle-Icon.png\" class=\"attachment-medium size-medium\" alt=\"\" \/>\t\t\t\t\t<\/div>\n\t\t\t\t<\/div>\n\t\t\t<\/div>\n\t\t\t\t<div class=\"icon-box-text last-reset\">\n\t\t\t\t\t\t\t\t\t\n\n\t<div id=\"text-1306390250\" class=\"text\">\n\t\t\n\n<p>Cada semana compartimos recursos y aprendizajes para que pod\u00e1s lanzar, crecer o levantar capital para tu startup.<\/p>\n\t\t\n<style>\n#text-1306390250 {\n  font-size: 0.9rem;\n}\n<\/style>\n\t<\/div>\n\t\n\n\t\t<\/div>\n\t<\/div>\n\t\n\t\n\n\t\t<div class=\"icon-box featured-box icon-box-left text-left\"  style=\"margin:0px 0px 3% 0px;\">\n\t\t\t\t\t<div class=\"icon-box-img\" style=\"width: 25px\">\n\t\t\t\t<div class=\"icon\">\n\t\t\t\t\t<div class=\"icon-inner\" >\n\t\t\t\t\t\t<img loading=\"lazy\" decoding=\"async\" width=\"104\" height=\"104\" src=\"https:\/\/caricaco.vc\/wp-content\/uploads\/2025\/05\/Check-Circle-Icon.png\" class=\"attachment-medium size-medium\" alt=\"\" \/>\t\t\t\t\t<\/div>\n\t\t\t\t<\/div>\n\t\t\t<\/div>\n\t\t\t\t<div class=\"icon-box-text last-reset\">\n\t\t\t\t\t\t\t\t\t\n\n\t<div id=\"text-656221229\" class=\"text\">\n\t\t\n\n<p>Mantenete al tanto del ecosistema VC en Centroam\u00e9rica: eventos, convocatorias y oportunidades que no te quer\u00e9s perder.<\/p>\n\t\t\n<style>\n#text-656221229 {\n  font-size: 0.9rem;\n}\n<\/style>\n\t<\/div>\n\t\n\n\t\t<\/div>\n\t<\/div>\n\t\n\t\n\n\t\t<\/div>\n\t\t\t\t\t<\/div>\n\n\t\n\n\t<div id=\"col-1707063590\" class=\"col medium-6 small-12 large-6\"  data-animate=\"fadeInUp\">\n\t\t\t\t<div class=\"col-inner\"  >\n\t\t\t\n\t\t\t\n\n\n\n<style>\n        .mailchimp-subscription-wrapper * {\n            box-sizing: border-box;\n        }\n\n        .mailchimp-subscription-wrapper {\n            font-family: -apple-system, BlinkMacSystemFont, 'Segoe UI', Roboto, Oxygen, Ubuntu, Cantarell, sans-serif;\n            padding: 15px;\n            display: flex;\n            align-items: center;\n            justify-content: center;\n            width: 100%;\n        }\n\n        .mailchimp-subscription-wrapper .form-container {\n            background-color: #e8e8e8;\n            padding: 40px 35px;\n            border-radius: 20px;\n            max-width: 500px;\n            width: 100%;\n            box-shadow: 0 8px 25px rgba(0, 0, 0, 0.1);\n        }\n\n        .mailchimp-subscription-wrapper .form-title {\n            color: #2d5a5a;\n            font-size: 36px;\n            font-weight: 600;\n            text-align: center;\n            margin-bottom: 30px;\n            letter-spacing: -1px;\n        }\n\n        .mailchimp-subscription-wrapper .form-grid {\n            display: grid;\n            grid-template-columns: 1fr 1fr;\n            gap: 20px;\n            margin-bottom: 30px;\n        }\n\n        .mailchimp-subscription-wrapper .form-group {\n            display: flex;\n            flex-direction: column;\n        }\n\n        .mailchimp-subscription-wrapper .form-group.full-width {\n            grid-column: 1 \/ -1;\n        }\n\n        .mailchimp-subscription-wrapper .form-label {\n            color: #2d5a5a;\n            font-size: 16px;\n            font-weight: 500;\n            margin-bottom: 8px;\n        }\n\n        .mailchimp-subscription-wrapper .form-input {\n            background-color: white;\n            border: none;\n            border-radius: 20px;\n            padding: 14px 20px;\n            font-size: 15px;\n            color: #333;\n            outline: none;\n            transition: all 0.3s ease;\n            box-shadow: 0 2px 8px rgba(0, 0, 0, 0.08);\n        }\n\n        .mailchimp-subscription-wrapper .form-input::placeholder {\n            color: #bbb;\n        }\n\n        .mailchimp-subscription-wrapper .form-input:focus {\n            box-shadow: 0 4px 16px rgba(45, 90, 90, 0.15);\n            transform: translateY(-2px);\n        }\n\n        .mailchimp-subscription-wrapper .submit-button {\n            background-color: #2d5a5a;\n            color: white;\n            border: none;\n            border-radius: 20px;\n            padding: 14px 32px;\n            font-size: 16px;\n            font-weight: 500;\n            cursor: pointer;\n            transition: all 0.3s ease;\n            width: 100%;\n            box-shadow: 0 4px 16px rgba(45, 90, 90, 0.3);\n        }\n\n        .mailchimp-subscription-wrapper .submit-button:hover {\n            background-color: #1f4040;\n            transform: translateY(-2px);\n            box-shadow: 0 6px 20px rgba(45, 90, 90, 0.4);\n        }\n\n        .mailchimp-subscription-wrapper .submit-button:active {\n            transform: translateY(0);\n        }\n\n        \/* Ocultar elementos innecesarios del formulario original *\/\n        .mailchimp-subscription-wrapper .indicates-required,\n        .mailchimp-subscription-wrapper #mce-responses,\n        .mailchimp-subscription-wrapper div[aria-hidden=\"true\"] {\n            display: none !important;\n        }\n\n        \/* Responsive design *\/\n        @media (max-width: 640px) {\n            .mailchimp-subscription-wrapper .form-container {\n                padding: 30px 25px;\n            }\n\n            .mailchimp-subscription-wrapper .form-title {\n                font-size: 28px;\n                margin-bottom: 25px;\n            }\n\n            .mailchimp-subscription-wrapper .form-grid {\n                grid-template-columns: 1fr;\n                gap: 16px;\n                margin-bottom: 25px;\n            }\n\n            .mailchimp-subscription-wrapper .form-group.full-width {\n                grid-column: 1;\n            }\n        }\n\n        @media (max-width: 480px) {\n            .mailchimp-subscription-wrapper .form-container {\n                padding: 25px 20px;\n            }\n\n            .mailchimp-subscription-wrapper .form-title {\n                font-size: 24px;\n            }\n\n            .mailchimp-subscription-wrapper .form-input {\n                padding: 12px 18px;\n                font-size: 14px;\n            }\n\n            .mailchimp-subscription-wrapper .submit-button {\n                padding: 12px 28px;\n                font-size: 15px;\n            }\n        }\n    <\/style>\n\n<div class=\"mailchimp-subscription-wrapper\">\n    <div class=\"form-container\">\n        <h1 class=\"form-title\">Suscrib\u00edrme<\/h1>\n        \n        <form action=\"https:\/\/caricaco.us17.list-manage.com\/subscribe\/post?u=8deca7c81d61a0cd0cd6fa96d&amp;id=87e35026dc&amp;f_id=00e1f1e3f0\" method=\"post\" id=\"mc-embedded-subscribe-form\" name=\"mc-embedded-subscribe-form\" class=\"validate\" target=\"_blank\">\n            \n            <div class=\"form-grid\">\n                <div class=\"form-group\">\n                    <label for=\"mce-FNAME\" class=\"form-label\">Nombre<\/label>\n                    <input type=\"text\" name=\"FNAME\" class=\"form-input\" id=\"mce-FNAME\" value=\"\">\n                <\/div>\n\n                <div class=\"form-group\">\n                    <label for=\"mce-LNAME\" class=\"form-label\">Apellido<\/label>\n                    <input type=\"text\" name=\"LNAME\" class=\"form-input\" id=\"mce-LNAME\" value=\"\">\n                <\/div>\n\n                <div class=\"form-group\">\n                    <label for=\"mce-EMAIL\" class=\"form-label\">Email<\/label>\n                    <input type=\"email\" name=\"EMAIL\" class=\"form-input required email\" id=\"mce-EMAIL\" required=\"\" value=\"\">\n                <\/div>\n\n                <div class=\"form-group\">\n                    <label for=\"mce-MMERGE5\" class=\"form-label\">Empresa<\/label>\n                    <input type=\"text\" name=\"MMERGE5\" class=\"form-input\" id=\"mce-MMERGE5\" value=\"\">\n                <\/div>\n            <\/div>\n\n            <!-- Campos ocultos necesarios para Mailchimp -->\n            <div hidden=\"\">\n                <input type=\"hidden\" name=\"tags\" value=\"8333690\">\n            <\/div>\n            \n            <div class=\"indicates-required\">\n                <span class=\"asterisk\">*<\/span> indicates required\n            <\/div>\n            \n            <div id=\"mce-responses\" class=\"clear\">\n                <div class=\"response\" id=\"mce-error-response\" style=\"display: none;\"><\/div>\n                <div class=\"response\" id=\"mce-success-response\" style=\"display: none;\"><\/div>\n            <\/div>\n            \n            <div aria-hidden=\"true\" style=\"position: absolute; left: -5000px;\">\n                <input type=\"text\" name=\"b_8deca7c81d61a0cd0cd6fa96d_87e35026dc\" tabindex=\"-1\" value=\"\">\n            <\/div>\n\n            <button type=\"submit\" name=\"subscribe\" id=\"mc-embedded-subscribe\" class=\"submit-button\">\n                Enviar\n            <\/button>\n        <\/form>\n    <\/div>\n<\/div>\n\n<!-- Scripts de validaci\u00f3n de Mailchimp -->\n<script src=\"https:\/\/code.jquery.com\/jquery-3.6.0.min.js\"><\/script>\n<script type=\"text\/javascript\" src=\"\/\/s3.amazonaws.com\/downloads.mailchimp.com\/js\/mc-validate.js\"><\/script>\n<script type=\"text\/javascript\">\n    jQuery(document).ready(function($) {\n        window.fnames = new Array(); \n        window.ftypes = new Array();\n        fnames[0]='EMAIL';ftypes[0]='email';\n        fnames[1]='FNAME';ftypes[1]='text';\n        fnames[2]='LNAME';ftypes[2]='text';\n        fnames[5]='MMERGE5';ftypes[5]='text';\n        \n        $.extend($.validator.messages, {\n            required: \"Este campo es obligatorio.\",\n            remote: \"Por favor, rellena este campo.\",\n            email: \"Por favor, escribe una direcci\u00f3n de correo v\u00e1lida\",\n            url: \"Por favor, escribe una URL v\u00e1lida.\",\n            date: \"Por favor, escribe una fecha v\u00e1lida.\",\n            dateISO: \"Por favor, escribe una fecha (ISO) v\u00e1lida.\",\n            number: \"Por favor, escribe un n\u00famero entero v\u00e1lido.\",\n            digits: \"Por favor, escribe s\u00f3lo d\u00edgitos.\",\n            creditcard: \"Por favor, escribe un n\u00famero de tarjeta v\u00e1lido.\",\n            equalTo: \"Por favor, escribe el mismo valor de nuevo.\",\n            accept: \"Por favor, escribe un valor con una extensi\u00f3n aceptada.\",\n            maxlength: $.validator.format(\"Por favor, no escribas m\u00e1s de {0} caracteres.\"),\n            minlength: $.validator.format(\"Por favor, no escribas menos de {0} caracteres.\"),\n            rangelength: $.validator.format(\"Por favor, escribe un valor entre {0} y {1} caracteres.\"),\n            range: $.validator.format(\"Por favor, escribe un valor entre {0} y {1}.\"),\n            max: $.validator.format(\"Por favor, escribe un valor menor o igual a {0}.\"),\n            min: $.validator.format(\"Por favor, escribe un valor mayor o igual a {0}.\")\n        });\n    });\n<\/script>\n\n\n\t\t<\/div>\n\t\t\t\t\n<style>\n#col-1707063590 > .col-inner {\n  border-radius: 25px;\n}\n<\/style>\n\t<\/div>\n\n\t\n\n<\/div>\n\n","protected":false},"excerpt":{"rendered":"","protected":false},"author":1,"featured_media":0,"parent":0,"menu_order":0,"comment_status":"closed","ping_status":"closed","template":"page-blank.php","meta":{"_monsterinsights_skip_tracking":false,"_monsterinsights_sitenote_active":false,"_monsterinsights_sitenote_note":"","_monsterinsights_sitenote_category":0,"footnotes":""},"class_list":["post-1827","page","type-page","status-publish","hentry"],"yoast_head":"<!-- This site is optimized with the Yoast SEO plugin v27.5 - https:\/\/yoast.com\/product\/yoast-seo-wordpress\/ -->\n<title>Suscribirse - Caricaco Ventures<\/title>\n<meta name=\"robots\" content=\"index, follow, max-snippet:-1, max-image-preview:large, max-video-preview:-1\" \/>\n<link rel=\"canonical\" href=\"https:\/\/caricaco.vc\/en\/suscribirse\/\" \/>\n<meta property=\"og:locale\" content=\"en_US\" \/>\n<meta property=\"og:type\" content=\"article\" \/>\n<meta property=\"og:title\" content=\"Suscribirse - Caricaco Ventures\" \/>\n<meta property=\"og:url\" content=\"https:\/\/caricaco.vc\/en\/suscribirse\/\" \/>\n<meta property=\"og:site_name\" content=\"Caricaco Ventures\" \/>\n<meta property=\"article:publisher\" content=\"https:\/\/www.facebook.com\/caricacohub\" \/>\n<meta property=\"article:modified_time\" content=\"2025-10-03T19:39:20+00:00\" \/>\n<meta name=\"twitter:card\" content=\"summary_large_image\" \/>\n<meta name=\"twitter:label1\" content=\"Est. reading time\" \/>\n\t<meta name=\"twitter:data1\" content=\"1 minute\" \/>\n<script type=\"application\/ld+json\" class=\"yoast-schema-graph\">{\"@context\":\"https:\\\/\\\/schema.org\",\"@graph\":[{\"@type\":\"WebPage\",\"@id\":\"https:\\\/\\\/caricaco.vc\\\/en\\\/suscribirse\\\/\",\"url\":\"https:\\\/\\\/caricaco.vc\\\/en\\\/suscribirse\\\/\",\"name\":\"Suscribirse - Caricaco Ventures\",\"isPartOf\":{\"@id\":\"https:\\\/\\\/caricaco.vc\\\/#website\"},\"datePublished\":\"2025-05-14T17:06:12+00:00\",\"dateModified\":\"2025-10-03T19:39:20+00:00\",\"breadcrumb\":{\"@id\":\"https:\\\/\\\/caricaco.vc\\\/en\\\/suscribirse\\\/#breadcrumb\"},\"inLanguage\":\"en-US\",\"potentialAction\":[{\"@type\":\"ReadAction\",\"target\":[\"https:\\\/\\\/caricaco.vc\\\/en\\\/suscribirse\\\/\"]}]},{\"@type\":\"BreadcrumbList\",\"@id\":\"https:\\\/\\\/caricaco.vc\\\/en\\\/suscribirse\\\/#breadcrumb\",\"itemListElement\":[{\"@type\":\"ListItem\",\"position\":1,\"name\":\"Portada\",\"item\":\"https:\\\/\\\/caricaco.vc\\\/en\\\/inicio\\\/\"},{\"@type\":\"ListItem\",\"position\":2,\"name\":\"Suscribirse\"}]},{\"@type\":\"WebSite\",\"@id\":\"https:\\\/\\\/caricaco.vc\\\/#website\",\"url\":\"https:\\\/\\\/caricaco.vc\\\/\",\"name\":\"Caricaco Ventures\",\"description\":\"\",\"publisher\":{\"@id\":\"https:\\\/\\\/caricaco.vc\\\/#organization\"},\"potentialAction\":[{\"@type\":\"SearchAction\",\"target\":{\"@type\":\"EntryPoint\",\"urlTemplate\":\"https:\\\/\\\/caricaco.vc\\\/?s={search_term_string}\"},\"query-input\":{\"@type\":\"PropertyValueSpecification\",\"valueRequired\":true,\"valueName\":\"search_term_string\"}}],\"inLanguage\":\"en-US\"},{\"@type\":\"Organization\",\"@id\":\"https:\\\/\\\/caricaco.vc\\\/#organization\",\"name\":\"Caricaco Ventures\",\"url\":\"https:\\\/\\\/caricaco.vc\\\/\",\"logo\":{\"@type\":\"ImageObject\",\"inLanguage\":\"en-US\",\"@id\":\"https:\\\/\\\/caricaco.vc\\\/#\\\/schema\\\/logo\\\/image\\\/\",\"url\":\"https:\\\/\\\/caricaco.vc\\\/wp-content\\\/uploads\\\/2025\\\/06\\\/favicon.png\",\"contentUrl\":\"https:\\\/\\\/caricaco.vc\\\/wp-content\\\/uploads\\\/2025\\\/06\\\/favicon.png\",\"width\":512,\"height\":512,\"caption\":\"Caricaco Ventures\"},\"image\":{\"@id\":\"https:\\\/\\\/caricaco.vc\\\/#\\\/schema\\\/logo\\\/image\\\/\"},\"sameAs\":[\"https:\\\/\\\/www.facebook.com\\\/caricacohub\",\"https:\\\/\\\/www.linkedin.com\\\/company\\\/caricacovc\\\/?originalSubdomain=cr\",\"https:\\\/\\\/www.youtube.com\\\/channel\\\/UCrV36ckrUrdDTYpHJlVpMrA\\\/videos\",\"https:\\\/\\\/www.instagram.com\\\/caricacovc\\\/\"]}]}<\/script>\n<!-- \/ Yoast SEO plugin. -->","yoast_head_json":{"title":"Suscribirse - Caricaco Ventures","robots":{"index":"index","follow":"follow","max-snippet":"max-snippet:-1","max-image-preview":"max-image-preview:large","max-video-preview":"max-video-preview:-1"},"canonical":"https:\/\/caricaco.vc\/en\/suscribirse\/","og_locale":"en_US","og_type":"article","og_title":"Suscribirse - Caricaco Ventures","og_url":"https:\/\/caricaco.vc\/en\/suscribirse\/","og_site_name":"Caricaco Ventures","article_publisher":"https:\/\/www.facebook.com\/caricacohub","article_modified_time":"2025-10-03T19:39:20+00:00","twitter_card":"summary_large_image","twitter_misc":{"Est. reading time":"1 minute"},"schema":{"@context":"https:\/\/schema.org","@graph":[{"@type":"WebPage","@id":"https:\/\/caricaco.vc\/en\/suscribirse\/","url":"https:\/\/caricaco.vc\/en\/suscribirse\/","name":"Suscribirse - Caricaco Ventures","isPartOf":{"@id":"https:\/\/caricaco.vc\/#website"},"datePublished":"2025-05-14T17:06:12+00:00","dateModified":"2025-10-03T19:39:20+00:00","breadcrumb":{"@id":"https:\/\/caricaco.vc\/en\/suscribirse\/#breadcrumb"},"inLanguage":"en-US","potentialAction":[{"@type":"ReadAction","target":["https:\/\/caricaco.vc\/en\/suscribirse\/"]}]},{"@type":"BreadcrumbList","@id":"https:\/\/caricaco.vc\/en\/suscribirse\/#breadcrumb","itemListElement":[{"@type":"ListItem","position":1,"name":"Portada","item":"https:\/\/caricaco.vc\/en\/inicio\/"},{"@type":"ListItem","position":2,"name":"Suscribirse"}]},{"@type":"WebSite","@id":"https:\/\/caricaco.vc\/#website","url":"https:\/\/caricaco.vc\/","name":"Caricaco Ventures","description":"","publisher":{"@id":"https:\/\/caricaco.vc\/#organization"},"potentialAction":[{"@type":"SearchAction","target":{"@type":"EntryPoint","urlTemplate":"https:\/\/caricaco.vc\/?s={search_term_string}"},"query-input":{"@type":"PropertyValueSpecification","valueRequired":true,"valueName":"search_term_string"}}],"inLanguage":"en-US"},{"@type":"Organization","@id":"https:\/\/caricaco.vc\/#organization","name":"Caricaco Ventures","url":"https:\/\/caricaco.vc\/","logo":{"@type":"ImageObject","inLanguage":"en-US","@id":"https:\/\/caricaco.vc\/#\/schema\/logo\/image\/","url":"https:\/\/caricaco.vc\/wp-content\/uploads\/2025\/06\/favicon.png","contentUrl":"https:\/\/caricaco.vc\/wp-content\/uploads\/2025\/06\/favicon.png","width":512,"height":512,"caption":"Caricaco Ventures"},"image":{"@id":"https:\/\/caricaco.vc\/#\/schema\/logo\/image\/"},"sameAs":["https:\/\/www.facebook.com\/caricacohub","https:\/\/www.linkedin.com\/company\/caricacovc\/?originalSubdomain=cr","https:\/\/www.youtube.com\/channel\/UCrV36ckrUrdDTYpHJlVpMrA\/videos","https:\/\/www.instagram.com\/caricacovc\/"]}]}},"_links":{"self":[{"href":"https:\/\/caricaco.vc\/en\/wp-json\/wp\/v2\/pages\/1827","targetHints":{"allow":["GET"]}}],"collection":[{"href":"https:\/\/caricaco.vc\/en\/wp-json\/wp\/v2\/pages"}],"about":[{"href":"https:\/\/caricaco.vc\/en\/wp-json\/wp\/v2\/types\/page"}],"author":[{"embeddable":true,"href":"https:\/\/caricaco.vc\/en\/wp-json\/wp\/v2\/users\/1"}],"replies":[{"embeddable":true,"href":"https:\/\/caricaco.vc\/en\/wp-json\/wp\/v2\/comments?post=1827"}],"version-history":[{"count":0,"href":"https:\/\/caricaco.vc\/en\/wp-json\/wp\/v2\/pages\/1827\/revisions"}],"wp:attachment":[{"href":"https:\/\/caricaco.vc\/en\/wp-json\/wp\/v2\/media?parent=1827"}],"curies":[{"name":"wp","href":"https:\/\/api.w.org\/{rel}","templated":true}]}}